{"id":265,"date":"2011-06-14T15:21:44","date_gmt":"2011-06-14T14:21:44","guid":{"rendered":"http:\/\/wp1177232.wp271.webpack.hosteurope.de\/wordpress\/?page_id=265"},"modified":"2025-03-26T14:39:10","modified_gmt":"2025-03-26T13:39:10","slug":"mindesmase-in-norwegen","status":"publish","type":"page","link":"http:\/\/team-nordkap.de\/?page_id=265","title":{"rendered":"Mindestma\u00dfe in Norwegen"},"content":{"rendered":"<div>\n<table id=\"table1\" border=\"3\" width=\"624\" cellpadding=\"0\" align=\"center\">\n<tbody>\n<tr>\n<th align=\"left\" width=\"200\" height=\"37\">Fischart<\/th>\n<td align=\"left\" width=\"320\">K\u00fcstenbereiche<\/td>\n<td>Mindestens<\/td>\n<\/tr>\n<tr>\n<th align=\"left\" width=\"200\" height=\"18\">Heilbutt \/Kveite<\/th>\n<td align=\"left\" width=\"320\">Schonzeiten \u00a0\u00a0\u00a0\u00a0\u00a0 20.12. &#8211; 20.04.<\/td>\n<td width=\"84\">84 cm<\/td>\n<\/tr>\n<tr>\n<th rowspan=\"2\" align=\"left\" width=\"200\" height=\"34\">Dorsch \/ Torsk<\/th>\n<td align=\"left\" width=\"320\">N\u00f6rdlich von 62\u00b0 N<\/td>\n<td width=\"84\">55 cm<\/td>\n<\/tr>\n<tr>\n<td align=\"left\" width=\"320\">S\u00fcdlich von 62\u00b0 N<\/td>\n<td width=\"84\">40 cm<\/td>\n<\/tr>\n<tr>\n<th rowspan=\"2\" align=\"left\" width=\"200\" height=\"34\">Schellfisch \/ Hyse<\/th>\n<td align=\"left\" width=\"320\">N\u00f6rdlich von 62\u00b0 N<\/td>\n<td width=\"84\">40 cm<\/td>\n<\/tr>\n<tr>\n<td align=\"left\" width=\"320\">S\u00fcdlich von 62\u00b0 N<\/td>\n<td width=\"84\">31 cm<\/td>\n<\/tr>\n<tr>\n<th align=\"left\" width=\"200\" height=\"17\">Seehecht Lysing<\/th>\n<td align=\"left\" width=\"320\"><\/td>\n<td width=\"84\">30 cm<\/td>\n<\/tr>\n<tr>\n<th rowspan=\"2\" align=\"left\" width=\"200\" height=\"34\">Scholle \/ R\u00f8dspette<\/th>\n<td align=\"left\" width=\"320\">Gesamte K\u00fcstenline, ausgenommen Skagerrak<\/td>\n<td width=\"84\">29 cm<\/td>\n<\/tr>\n<tr>\n<td align=\"left\" width=\"320\">Von der Schwedischen K\u00fcste und Skagerrak. Grenze vom Skagerrak: gerade Linie von Lindesnes nach Hanstholm (D\u00e4nemark)<\/td>\n<td width=\"84\">27 cm<\/td>\n<\/tr>\n<tr>\n<th align=\"left\" width=\"200\" height=\"17\">Rotzunge \/ Mareflyndre<\/th>\n<td align=\"left\" width=\"320\"><\/td>\n<td width=\"84\">28 cm<\/td>\n<\/tr>\n<tr>\n<th align=\"left\" width=\"200\" height=\"17\">Kliesche \/ Sandflyndre<\/th>\n<td align=\"left\" width=\"320\"><\/td>\n<td width=\"84\">23 cm<\/td>\n<\/tr>\n<tr>\n<th align=\"left\" width=\"200\" height=\"17\">Rotzunge \/ Lomre<\/th>\n<td align=\"left\" width=\"320\"><\/td>\n<td width=\"84\">25 cm<\/td>\n<\/tr>\n<tr>\n<th align=\"left\" width=\"200\" height=\"17\">Seezunge \/Tunge<\/th>\n<td align=\"left\" width=\"320\"><\/td>\n<td width=\"84\">24 cm<\/td>\n<\/tr>\n<tr>\n<th align=\"left\" width=\"200\" height=\"17\">Steinbutt \/ Piggvar<\/th>\n<td align=\"left\" width=\"320\"><\/td>\n<td width=\"84\">30 cm<\/td>\n<\/tr>\n<tr>\n<th align=\"left\" width=\"200\" height=\"17\">Glattbutt \/ Glattbutt<\/th>\n<td align=\"left\" width=\"320\"><\/td>\n<td width=\"84\">30 cm<\/td>\n<\/tr>\n<tr>\n<th align=\"left\" width=\"200\" height=\"17\">Fl\u00fcgelbutt \/ Glasvar<\/th>\n<td align=\"left\" width=\"320\"><\/td>\n<td width=\"84\">25 cm<\/td>\n<\/tr>\n<tr>\n<th align=\"left\" width=\"200\" height=\"17\">Wittling \/ Hvittling<\/th>\n<td align=\"left\" width=\"320\"><\/td>\n<td width=\"84\">32 cm<\/td>\n<\/tr>\n<tr>\n<th align=\"left\" width=\"200\" height=\"17\">Flunder \/ Skrubbe<\/th>\n<td align=\"left\" width=\"320\"><\/td>\n<td width=\"84\">20 cm<\/td>\n<\/tr>\n<tr>\n<th rowspan=\"2\" align=\"left\" width=\"200\" height=\"68\">Aal \/ \u00c5l Achtung Fangverbot f\u00fcr Angler ab dem 01.07.2009!! Gilt auch f\u00fcr 2011!<\/th>\n<td align=\"left\" width=\"320\">S\u00fc\u00dfwasseraal<\/td>\n<td width=\"84\"><\/td>\n<\/tr>\n<tr>\n<td align=\"left\" width=\"320\">Blankaal<\/td>\n<td width=\"84\"><\/td>\n<\/tr>\n<tr>\n<th align=\"left\" width=\"200\">K\u00f6hler \/ Sei<\/th>\n<td><strong>Keine Mindestma\u00dfe, wenn der Fisch f\u00fcr den eigenen Gebrauch gefangen wird.<\/strong><\/td>\n<td><\/td>\n<\/tr>\n<tr>\n<th align=\"left\" width=\"200\" height=\"17\">Dornhai \/ Riesenhai \/ Heringshai<\/th>\n<td><strong> Absolutes Fangverbot f\u00fcr das Jahr 2011!<\/strong><\/td>\n<td><\/td>\n<\/tr>\n<tr>\n<th align=\"left\" width=\"200\" height=\"17\">Schwarzer Heilbutt \/ Bl\u00e5kveite<\/th>\n<td align=\"left\" width=\"320\"><\/td>\n<td width=\"84\">45 cm<\/td>\n<\/tr>\n<tr>\n<th align=\"left\" width=\"200\" height=\"17\">Seeteufel mit Netz gefangen \/ Breiflabb<\/th>\n<td align=\"left\" width=\"320\"><\/td>\n<td width=\"84\">60 cm<\/td>\n<\/tr>\n<tr>\n<th align=\"left\" width=\"200\" height=\"17\">Rotbarsch \/ Uer<\/th>\n<td align=\"left\" width=\"320\"><\/td>\n<td width=\"84\">32 cm<\/td>\n<\/tr>\n<tr>\n<th align=\"left\" width=\"200\" height=\"17\">Makrele<\/th>\n<td colspan=\"2\" align=\"left\"><strong> F\u00fcr Makrele, gefangen mit der Angel gibt es keine Mindestma\u00dfe.<\/strong><\/td>\n<\/tr>\n<tr>\n<th align=\"left\" width=\"200\" height=\"68\">Hering im Bereich Skagerrak , ausgenommen norwegische Fjordheringe gefischt n\u00e4her als 2 Seemeilen von der Grenzlinie der norwegischen Hoheitsgew\u00e4sser<\/th>\n<td align=\"left\" width=\"320\">Die Grenze des Skagerakks ist wie folgt definiert: In Richtung Westen durch eine gedachte, gerade Linie durch die Leuchtt\u00fcrme Lindesnes und Hanstholmen; in Richtung S\u00fcden durch eine gedachte, gerade Linie durch die Leuchtt\u00fcrme Skagen und Tistlarna.<\/td>\n<td width=\"84\">18 cm<\/td>\n<\/tr>\n<tr>\n<th align=\"left\" width=\"200\" height=\"17\">Nordsee Hering<\/th>\n<td align=\"left\" width=\"320\"><\/td>\n<td width=\"84\">20 cm<\/td>\n<\/tr>\n<tr>\n<th align=\"left\" width=\"200\" height=\"17\">Norwegischer Hering laichend im Fr\u00fchjahr<\/th>\n<td align=\"left\" width=\"320\"><\/td>\n<td width=\"84\">25 cm<\/td>\n<\/tr>\n<tr>\n<th align=\"left\" width=\"200\" height=\"17\">Norsk fr\u00fchlaichender Hering<\/th>\n<td align=\"left\" width=\"320\"><\/td>\n<td width=\"84\">25 cm<\/td>\n<\/tr>\n<tr>\n<th align=\"left\" width=\"200\" height=\"17\">Trondheimsfjord Hering<\/th>\n<td align=\"left\" width=\"320\"><\/td>\n<td width=\"84\">23 cm<\/td>\n<\/tr>\n<tr>\n<th rowspan=\"2\" align=\"left\" width=\"200\" height=\"34\">Lodde (Stintart)<\/th>\n<td align=\"left\" width=\"320\">N\u00f6rdlich von 62\u00b0 N<\/td>\n<td width=\"84\">11 cm<\/td>\n<\/tr>\n<tr>\n<td align=\"left\" width=\"320\">in der Fischereizone von Jan Mayen<\/td>\n<td width=\"84\">12 cm<\/td>\n<\/tr>\n<tr>\n<th align=\"left\" width=\"200\" height=\"17\">Reker (Garnele)<\/th>\n<td align=\"left\" width=\"320\"><\/td>\n<td width=\"84\">6 cm<\/td>\n<\/tr>\n<tr>\n<th align=\"left\" width=\"200\" height=\"17\">KaisergranatNephrops norvegicus<\/th>\n<td align=\"left\" width=\"320\">Zu messen von der Spitze des Kopfhorns bis zum \u00e4u\u00dfersten Ende der mittleren Schwanzflosse. Das Schonma\u00df ist ebenfalls erf\u00fcllt, wenn der Abstand vom hinteren Ende der Augenh\u00f6hle bis zum \u00e4u\u00dfersten Ende des R\u00fcckenpanzers (Carapax), gemessen entlang der Mitte des R\u00fcckenpanzers, mind. 4 cm betr\u00e4gt.<\/td>\n<td width=\"84\">13 cm<\/td>\n<\/tr>\n<tr>\n<th align=\"left\" width=\"200\" height=\"102\"><a href=\"http:\/\/www.biopix.dk\/Photo.asp?Language=no&amp;PhotoId=28717&amp;Photo=Norwegischer-Hummer-%28Nephrops-norvegicus%29\" target=\"_blank\" rel=\"noopener\"> Sj\u00f8kreps<\/a> Seekrebs<\/th>\n<td align=\"left\" width=\"320\"><\/td>\n<td width=\"84\">13 cm<\/td>\n<\/tr>\n<tr>\n<th align=\"left\" width=\"200\" height=\"17\">Krabbe<\/th>\n<td align=\"left\" width=\"320\">gr\u00f6\u00dfter Durchmesser des Panzers<\/td>\n<td width=\"84\">13 cm<\/td>\n<\/tr>\n<tr>\n<th align=\"left\" width=\"200\" height=\"34\">Krabben an der K\u00fcste von Schweden bis Rogaland<\/th>\n<td align=\"left\" width=\"320\">gr\u00f6\u00dfter Durchmesser des Panzers<\/td>\n<td width=\"84\">11 cm<\/td>\n<\/tr>\n<tr>\n<th align=\"left\" width=\"200\" height=\"85\"><a href=\"http:\/\/no.wikipedia.org\/wiki\/Kamskjell\" target=\"_blank\" rel=\"noopener\"> Haneskjell (Muschel)<\/a> in Nordland, Troms und Finnmark fylker<\/th>\n<td align=\"left\" width=\"320\">Nordland, Troms und Finnmark<\/td>\n<td width=\"84\">6,5 cm<\/td>\n<\/tr>\n<tr>\n<th align=\"left\" width=\"200\" height=\"17\">Hummer<\/th>\n<td align=\"left\" width=\"320\">Achtung! Schonzeiten regional unterschiedlich<\/td>\n<td width=\"84\">25 cm<\/td>\n<\/tr>\n<tr>\n<th align=\"left\" width=\"200\" height=\"17\">K\u00f6nigskrabben<\/th>\n<td align=\"left\" width=\"320\"><\/td>\n<td width=\"84\">13,7 cm<\/td>\n<\/tr>\n<tr>\n<th align=\"left\" width=\"200\" height=\"52\"><a href=\"http:\/\/no.wikipedia.org\/wiki\/Kamskjell\" target=\"_blank\" rel=\"noopener\"> Stort kamskjell (Muschel)<\/a> Jakobsmuschel<\/th>\n<td align=\"left\" width=\"320\">L\u00e4ngste L\u00e4nge der Schale<\/td>\n<td width=\"84\">10 cm<\/td>\n<\/tr>\n<\/tbody>\n<\/table>\n<\/div>\n<p><strong>F\u00fcr Freizeitangler und Touristen gibt es keine Mindestma\u00dfe f\u00fcr folgende Fische:<br \/>\n<\/strong><\/p>\n<p><strong>K\u00f6hler, Makrele, Leng, Pollack und Steinbei\u00dfer.<\/strong><\/p>\n<p>Stand: 05.05.2011<strong><br \/>\n<\/strong><\/p>\n<p><strong>Erg\u00e4nzung der Regelungen:<\/strong><br \/>\nSolltest du das Pech haben, einen unterma\u00dfigen Fisch zu fangen, sollte dieser vorsichtig vom Haken gel\u00f6st\u00a0 und wieder zur\u00fcck ins Meer gelassen werden. Sollte der Fisch tot oder stark verletzt sein, kannst du den Fisch mit nach Hause nehmen und essen.<\/p>\n<h1><span style=\"color: #0000ff;\">Diese Tabelle wurde \u00fcberarbeitet und erstellt von:<\/span><\/h1>\n<h1><span style=\"color: #993300;\"><a href=\"http:\/\/www.suednorwegen.org\" target=\"_blank\" rel=\"noopener\"><span style=\"color: #993300;\">http:\/\/www.suednorwegen.org<\/span><\/a><\/span><\/h1>\n","protected":false},"excerpt":{"rendered":"<p>Fischart K\u00fcstenbereiche Mindestens Heilbutt \/Kveite Schonzeiten \u00a0\u00a0\u00a0\u00a0\u00a0 20.12. &#8211; 20.04. 84 cm Dorsch \/ Torsk N\u00f6rdlich von 62\u00b0 N 55 cm S\u00fcdlich von 62\u00b0 N 40 cm Schellfisch \/ Hyse N\u00f6rdlich von 62\u00b0 N 40 cm S\u00fcdlich von 62\u00b0 N 31 cm Seehecht Lysing 30 cm Scholle \/ R\u00f8dspette Gesamte K\u00fcstenline, ausgenommen Skagerrak 29 cm [&hellip;]<\/p>\n","protected":false},"author":2,"featured_media":0,"parent":0,"menu_order":0,"comment_status":"open","ping_status":"open","template":"","meta":{"footnotes":""},"class_list":["post-265","page","type-page","status-publish","hentry"],"_links":{"self":[{"href":"http:\/\/team-nordkap.de\/index.php?rest_route=\/wp\/v2\/pages\/265","targetHints":{"allow":["GET"]}}],"collection":[{"href":"http:\/\/team-nordkap.de\/index.php?rest_route=\/wp\/v2\/pages"}],"about":[{"href":"http:\/\/team-nordkap.de\/index.php?rest_route=\/wp\/v2\/types\/page"}],"author":[{"embeddable":true,"href":"http:\/\/team-nordkap.de\/index.php?rest_route=\/wp\/v2\/users\/2"}],"replies":[{"embeddable":true,"href":"http:\/\/team-nordkap.de\/index.php?rest_route=%2Fwp%2Fv2%2Fcomments&post=265"}],"version-history":[{"count":17,"href":"http:\/\/team-nordkap.de\/index.php?rest_route=\/wp\/v2\/pages\/265\/revisions"}],"predecessor-version":[{"id":2189,"href":"http:\/\/team-nordkap.de\/index.php?rest_route=\/wp\/v2\/pages\/265\/revisions\/2189"}],"wp:attachment":[{"href":"http:\/\/team-nordkap.de\/index.php?rest_route=%2Fwp%2Fv2%2Fmedia&parent=265"}],"curies":[{"name":"wp","href":"https:\/\/api.w.org\/{rel}","templated":true}]}}