{"id":180,"date":"2011-06-11T16:19:10","date_gmt":"2011-06-11T15:19:10","guid":{"rendered":"http:\/\/wp1177232.wp271.webpack.hosteurope.de\/wordpress\/?page_id=180"},"modified":"2018-02-02T07:24:27","modified_gmt":"2018-02-02T06:24:27","slug":"stefan","status":"publish","type":"page","link":"http:\/\/team-nordkap.de\/?page_id=180","title":{"rendered":"Stefan"},"content":{"rendered":"<p>&nbsp;<\/p>\n<p>&nbsp;<\/p>\n<h2><strong><span style=\"color: #003300;\">Stefan ist f\u00fcr unsere fahrbaren Unters\u00e4tze verantwortlich. Er mietet die Fahrzeuge f\u00fcr unsere Touren. Sein Lieblingsfisch: <span style=\"color: #808000;\"><em>Seewolf<\/em><\/span><\/span><\/strong><\/h2>\n<h2><span style=\"color: #0000ff;\">personal best:<\/span><\/h2>\n<h2>&#8211; 34 Steinbei\u00dfer bei einer Ausfahrt ( Havoysund 2010)<\/h2>\n<h2>&#8211; Dorsch 40 Pfd ( Hamneidet 2007)<\/h2>\n<h2><strong>&#8211; Lumb 24 Pfd ( Langneset 2012)<\/strong><\/h2>\n<p style=\"text-align: center;\"><a href=\"http:\/\/team-nordkap.de\/wp-content\/uploads\/2011\/06\/SAM_3991.jpg\"><img loading=\"lazy\" decoding=\"async\" class=\"aligncenter size-large wp-image-1028\" title=\"SAM_3991\" src=\"http:\/\/team-nordkap.de\/wp-content\/uploads\/2011\/06\/SAM_3991-1024x576.jpg\" alt=\"\" width=\"614\" height=\"346\" srcset=\"http:\/\/team-nordkap.de\/wp-content\/uploads\/2011\/06\/SAM_3991-1024x576.jpg 1024w, http:\/\/team-nordkap.de\/wp-content\/uploads\/2011\/06\/SAM_3991-300x168.jpg 300w, http:\/\/team-nordkap.de\/wp-content\/uploads\/2011\/06\/SAM_3991.jpg 1920w\" sizes=\"auto, (max-width: 614px) 100vw, 614px\" \/><\/a><\/p>\n<p><a href=\"http:\/\/team-nordkap.de\/wp-content\/uploads\/2011\/06\/Bild-010.jpg\"><img loading=\"lazy\" decoding=\"async\" class=\"aligncenter size-full wp-image-920\" title=\"Bild 010\" src=\"http:\/\/team-nordkap.de\/wp-content\/uploads\/2011\/06\/Bild-010.jpg\" alt=\"\" width=\"600\" height=\"451\" srcset=\"http:\/\/team-nordkap.de\/wp-content\/uploads\/2011\/06\/Bild-010.jpg 600w, http:\/\/team-nordkap.de\/wp-content\/uploads\/2011\/06\/Bild-010-300x225.jpg 300w\" sizes=\"auto, (max-width: 600px) 100vw, 600px\" \/><\/a><a href=\"http:\/\/team-nordkap.de\/?attachment_id=1570\" rel=\"attachment wp-att-1570\"><img loading=\"lazy\" decoding=\"async\" class=\"aligncenter size-large wp-image-1570\" src=\"http:\/\/team-nordkap.de\/wp-content\/uploads\/2016\/08\/IMG_0712-1024x683.jpg\" alt=\"IMG_0712\" width=\"695\" height=\"464\" srcset=\"http:\/\/team-nordkap.de\/wp-content\/uploads\/2016\/08\/IMG_0712.jpg 1024w, http:\/\/team-nordkap.de\/wp-content\/uploads\/2016\/08\/IMG_0712-150x100.jpg 150w, http:\/\/team-nordkap.de\/wp-content\/uploads\/2016\/08\/IMG_0712-300x200.jpg 300w\" sizes=\"auto, (max-width: 695px) 100vw, 695px\" \/><\/a><a href=\"http:\/\/team-nordkap.de\/?attachment_id=1355\" rel=\"attachment wp-att-1355\"><img loading=\"lazy\" decoding=\"async\" class=\"aligncenter size-full wp-image-1355\" src=\"http:\/\/team-nordkap.de\/wp-content\/uploads\/2014\/08\/P1080692.jpg\" alt=\"P1080692\" width=\"1024\" height=\"683\" srcset=\"http:\/\/team-nordkap.de\/wp-content\/uploads\/2014\/08\/P1080692.jpg 1024w, http:\/\/team-nordkap.de\/wp-content\/uploads\/2014\/08\/P1080692-150x100.jpg 150w, http:\/\/team-nordkap.de\/wp-content\/uploads\/2014\/08\/P1080692-300x200.jpg 300w\" sizes=\"auto, (max-width: 1024px) 100vw, 1024px\" \/><\/a><a href=\"http:\/\/team-nordkap.de\/?attachment_id=1198\" rel=\"attachment wp-att-1198\"><img loading=\"lazy\" decoding=\"async\" class=\"aligncenter size-full wp-image-1198\" src=\"http:\/\/team-nordkap.de\/wp-content\/uploads\/2013\/06\/CIMG3161.jpg\" alt=\"CIMG3161\" width=\"1024\" height=\"768\" srcset=\"http:\/\/team-nordkap.de\/wp-content\/uploads\/2013\/06\/CIMG3161.jpg 1024w, http:\/\/team-nordkap.de\/wp-content\/uploads\/2013\/06\/CIMG3161-150x112.jpg 150w, http:\/\/team-nordkap.de\/wp-content\/uploads\/2013\/06\/CIMG3161-300x225.jpg 300w\" sizes=\"auto, (max-width: 1024px) 100vw, 1024px\" \/><\/a><\/p>\n<p><a href=\"http:\/\/team-nordkap.de\/?attachment_id=1685\" rel=\"attachment wp-att-1685\"><img loading=\"lazy\" decoding=\"async\" class=\"aligncenter size-medium wp-image-1685\" src=\"http:\/\/team-nordkap.de\/wp-content\/uploads\/2017\/08\/IMG-20170829-WA0027-225x300.jpg\" alt=\"IMG-20170829-WA0027\" width=\"225\" height=\"300\" srcset=\"http:\/\/team-nordkap.de\/wp-content\/uploads\/2017\/08\/IMG-20170829-WA0027-225x300.jpg 225w, http:\/\/team-nordkap.de\/wp-content\/uploads\/2017\/08\/IMG-20170829-WA0027-113x150.jpg 113w, http:\/\/team-nordkap.de\/wp-content\/uploads\/2017\/08\/IMG-20170829-WA0027.jpg 768w\" sizes=\"auto, (max-width: 225px) 100vw, 225px\" \/><\/a><\/p>\n","protected":false},"excerpt":{"rendered":"<p>&nbsp; &nbsp; Stefan ist f\u00fcr unsere fahrbaren Unters\u00e4tze verantwortlich. Er mietet die Fahrzeuge f\u00fcr unsere Touren. Sein Lieblingsfisch: Seewolf personal best: &#8211; 34 Steinbei\u00dfer bei einer Ausfahrt ( Havoysund 2010) &#8211; Dorsch 40 Pfd ( Hamneidet 2007) &#8211; Lumb 24 Pfd ( Langneset 2012)<\/p>\n","protected":false},"author":1,"featured_media":0,"parent":0,"menu_order":0,"comment_status":"open","ping_status":"open","template":"","meta":{"footnotes":""},"class_list":["post-180","page","type-page","status-publish","hentry"],"_links":{"self":[{"href":"http:\/\/team-nordkap.de\/index.php?rest_route=\/wp\/v2\/pages\/180","targetHints":{"allow":["GET"]}}],"collection":[{"href":"http:\/\/team-nordkap.de\/index.php?rest_route=\/wp\/v2\/pages"}],"about":[{"href":"http:\/\/team-nordkap.de\/index.php?rest_route=\/wp\/v2\/types\/page"}],"author":[{"embeddable":true,"href":"http:\/\/team-nordkap.de\/index.php?rest_route=\/wp\/v2\/users\/1"}],"replies":[{"embeddable":true,"href":"http:\/\/team-nordkap.de\/index.php?rest_route=%2Fwp%2Fv2%2Fcomments&post=180"}],"version-history":[{"count":14,"href":"http:\/\/team-nordkap.de\/index.php?rest_route=\/wp\/v2\/pages\/180\/revisions"}],"predecessor-version":[{"id":1718,"href":"http:\/\/team-nordkap.de\/index.php?rest_route=\/wp\/v2\/pages\/180\/revisions\/1718"}],"wp:attachment":[{"href":"http:\/\/team-nordkap.de\/index.php?rest_route=%2Fwp%2Fv2%2Fmedia&parent=180"}],"curies":[{"name":"wp","href":"https:\/\/api.w.org\/{rel}","templated":true}]}}